{"id":3028,"date":"2022-01-31T17:29:17","date_gmt":"2022-01-31T16:29:17","guid":{"rendered":"https:\/\/laprudencia.com\/?page_id=3028"},"modified":"2026-04-11T14:25:12","modified_gmt":"2026-04-11T12:25:12","slug":"purchase-and-returns-policy","status":"publish","type":"page","link":"https:\/\/laprudencia.com\/en\/purchase-and-returns-policy\/","title":{"rendered":"Purchase and Returns Policy"},"content":{"rendered":"\t\t<div data-elementor-type=\"wp-page\" data-elementor-id=\"3028\" class=\"elementor elementor-3028 elementor-866\" data-elementor-post-type=\"page\">\n\t\t\t\t<div class=\"elementor-element elementor-element-35a1137 e-flex e-con-boxed e-con e-parent\" data-id=\"35a1137\" data-element_type=\"container\" data-e-type=\"container\">\n\t\t\t\t\t<div class=\"e-con-inner\">\n\t\t\t\t<div class=\"elementor-element elementor-element-a79df37 title elementor-widget elementor-widget-heading\" data-id=\"a79df37\" data-element_type=\"widget\" data-e-type=\"widget\" data-widget_type=\"heading.default\">\n\t\t\t\t\t<h1 class=\"elementor-heading-title elementor-size-default\">Purchasing and Return Policy<\/h1>\t\t\t\t<\/div>\n\t\t\t\t<div class=\"elementor-element elementor-element-2599cf7 elementor-widget elementor-widget-text-editor\" data-id=\"2599cf7\" data-element_type=\"widget\" data-e-type=\"widget\" data-widget_type=\"text-editor.default\">\n\t\t\t\t\t\t\t\t\t<div class=\"fusion-fullwidth fullwidth-box fusion-builder-row-6 fusion-flex-container nonhundred-percent-fullwidth non-hundred-percent-height-scrolling\"><div class=\"fusion-builder-row fusion-row fusion-flex-align-items-flex-start fusion-flex-content-wrap\"><div class=\"fusion-layout-column fusion_builder_column fusion-builder-column-11 fusion_builder_column_1_1 1_1 fusion-flex-column\"><div class=\"fusion-column-wrapper fusion-column-has-shadow fusion-flex-justify-content-flex-start fusion-content-layout-column\"><div class=\"fusion-text fusion-text-2\"><p>These General Terms and Conditions govern the purchase of products through the website https:\/\/laprudencia.com, hereinafter referred to as \u201cthe Website\u201d or \u201cLA PRUDENCIA.\u201d By accepting these General Terms and Conditions, the User declares:<\/p><p>That they have read, understand, and agree to the terms set forth herein.<\/p><p>That they are a person with sufficient legal capacity to enter into a contract.<\/p><p>That they assume all obligations set forth herein.<\/p><p>That they are of legal age (18 years old) to purchase the products offered on the Website.<\/p><\/div><\/div><\/div><\/div><\/div>\t\t\t\t\t\t\t\t<\/div>\n\t\t\t\t<div class=\"elementor-element elementor-element-7c22840 elementor-widget-divider--view-line elementor-widget elementor-widget-divider\" data-id=\"7c22840\" data-element_type=\"widget\" data-e-type=\"widget\" data-widget_type=\"divider.default\">\n\t\t\t\t\t\t\t<div class=\"elementor-divider\">\n\t\t\t<span class=\"elementor-divider-separator\">\n\t\t\t\t\t\t<\/span>\n\t\t<\/div>\n\t\t\t\t\t\t<\/div>\n\t\t\t\t<div class=\"elementor-element elementor-element-52c54a0 title elementor-widget elementor-widget-heading\" data-id=\"52c54a0\" data-element_type=\"widget\" data-e-type=\"widget\" data-widget_type=\"heading.default\">\n\t\t\t\t\t<h3 class=\"elementor-heading-title elementor-size-default\">1. Description of the purchasing process<\/h3>\t\t\t\t<\/div>\n\t\t\t\t<div class=\"elementor-element elementor-element-fe5c6e5 elementor-widget elementor-widget-text-editor\" data-id=\"fe5c6e5\" data-element_type=\"widget\" data-e-type=\"widget\" data-widget_type=\"text-editor.default\">\n\t\t\t\t\t\t\t\t\tThe procedure for purchasing the products offered via the Website is as follows:\n\nSelecting the product: Users wishing to purchase a product offered via the Website must click the \u201cBuy\u201d button. Before clicking the \u201cBuy\u201d button, Users may view the detailed description of the product they wish to purchase. The Member may continue with the purchase process until they have selected all the products they wish to order via the Website.\n\nPurchase Confirmation: Once all products have been selected, the User will be able to view the selected products, where a summary of the order will be displayed. If they wish to continue shopping, they must click the \u201cContinue shopping\u201d button. Otherwise, they must click the \u201cPay\u201d button.\n\nIdentification: The User must identify themselves as a Member. If they are not a member of LA PRUDENCIA, they may register to continue with the purchase.\n\nShopping basket\/Delivery details: Next, the User must complete a specific form relating to the delivery of the order. Users who have previously registered their delivery details will not need to enter this information again. Otherwise, before confirming the payment details, they must enter the delivery details for the order, as well as the billing details. Once this information has been entered, they may click the \u201cReview order\u201d button.\n\nCustomer details and secure payment: The User must complete a specific form relating to the delivery of the order. Users who have previously registered their delivery details will not need to enter this information again. Otherwise, before confirming the payment details, they must include the delivery details for the order, as well as the billing details. The User must then choose a payment method\u2014either credit card or bank transfer\u2014to confirm the order. Before proceeding to the next step, the User can view a summary of the order before confirming. The User must then click the \u201cComplete Purchase\u201d button and will be redirected to the payment platform corresponding to the chosen payment option.\n\nConfirmaci\u00f3n de pago: Confirmado el pedido, se muestra al Socio la confirmaci\u00f3n de la recepci\u00f3n del pedido. El pedido se cursar\u00e1 una vez que a LA PRUDENCIA le llegue la confirmaci\u00f3n del pago del pedido seg\u00fan la forma elegida por el Socio en el paso \u201cDatos de cliente y pago seguro\u201d. El Socio puede seguir comprando una vez finalizado este proceso de compra.\n\nFinalizado el proceso de compra, el Usuario recibir\u00e1 un correo electr\u00f3nico con la informaci\u00f3n relacionada con el pedido (n\u00famero de pedido, productos adquiridos, plazos de entrega e informaci\u00f3n sobre los gastos de env\u00edo).\n\n\t\t\t\t\t\t\t\t<\/div>\n\t\t\t\t<div class=\"elementor-element elementor-element-eec9297 elementor-widget-divider--view-line elementor-widget elementor-widget-divider\" data-id=\"eec9297\" data-element_type=\"widget\" data-e-type=\"widget\" data-widget_type=\"divider.default\">\n\t\t\t\t\t\t\t<div class=\"elementor-divider\">\n\t\t\t<span class=\"elementor-divider-separator\">\n\t\t\t\t\t\t<\/span>\n\t\t<\/div>\n\t\t\t\t\t\t<\/div>\n\t\t\t\t<div class=\"elementor-element elementor-element-cc2e784 title elementor-widget elementor-widget-heading\" data-id=\"cc2e784\" data-element_type=\"widget\" data-e-type=\"widget\" data-widget_type=\"heading.default\">\n\t\t\t\t\t<h3 class=\"elementor-heading-title elementor-size-default\">2. Delivery terms<\/h3>\t\t\t\t<\/div>\n\t\t\t\t<div class=\"elementor-element elementor-element-a69350a elementor-widget elementor-widget-text-editor\" data-id=\"a69350a\" data-element_type=\"widget\" data-e-type=\"widget\" data-widget_type=\"text-editor.default\">\n\t\t\t\t\t\t\t\t\t<p>LA PRUDENCIA ships its products exclusively to Spain. Delivery charges, which depend on the delivery area, are payable by the buyer. These delivery charges vary according to the delivery area and the total weight of the order.<\/p><p>For purchases of \u20ac100 or more, LA PRUDENCIA will not charge delivery fees for delivery to any address in mainland Spain and the Balearic Islands.<\/p><p>Orders will be delivered to the delivery address freely chosen by the User, within the timeframe specified on the product page. LA PRUDENCIA has arranged with its logistics partner for a second delivery attempt, at no extra cost and coordinated with the User, in the event that the User is not at the delivery address during the first delivery attempt. However, LA PRUDENCIA shall not accept any liability where the product is not delivered as a result of the inaccuracy or falsity of the details provided by the User for this purpose, nor in the event that delivery cannot be made for reasons beyond LA PRUDENCIA\u2019s control, such as the recipient\u2019s absence during the two delivery attempts specified in the terms and conditions.<\/p><p>LA PRUDENCIA cannot be held responsible for delays in the delivery of orders due to causes not directly attributable to LA PRUDENCIA, nor for causes beyond the company\u2019s control, such as unforeseeable circumstances and force majeure.<\/p>\t\t\t\t\t\t\t\t<\/div>\n\t\t\t\t<div class=\"elementor-element elementor-element-b415ea3 elementor-widget-divider--view-line elementor-widget elementor-widget-divider\" data-id=\"b415ea3\" data-element_type=\"widget\" data-e-type=\"widget\" data-widget_type=\"divider.default\">\n\t\t\t\t\t\t\t<div class=\"elementor-divider\">\n\t\t\t<span class=\"elementor-divider-separator\">\n\t\t\t\t\t\t<\/span>\n\t\t<\/div>\n\t\t\t\t\t\t<\/div>\n\t\t\t\t<div class=\"elementor-element elementor-element-931ee3c title elementor-widget elementor-widget-heading\" data-id=\"931ee3c\" data-element_type=\"widget\" data-e-type=\"widget\" data-widget_type=\"heading.default\">\n\t\t\t\t\t<h3 class=\"elementor-heading-title elementor-size-default\">3. Prices of the products offered at LA PRUDENCIA<\/h3>\t\t\t\t<\/div>\n\t\t\t\t<div class=\"elementor-element elementor-element-19930e7 elementor-widget elementor-widget-text-editor\" data-id=\"19930e7\" data-element_type=\"widget\" data-e-type=\"widget\" data-widget_type=\"text-editor.default\">\n\t\t\t\t\t\t\t\t\tUnless otherwise stated, the prices of the products offered on the Website include Value Added Tax (VAT) or any other applicable taxes and, in all cases, are quoted in euros (\u20ac).\n\nFor any information regarding the order placed, the User may send an email to info@laprudencia.com. In all cases, the order number assigned to them must be stated, as indicated in the purchase confirmation email.\t\t\t\t\t\t\t\t<\/div>\n\t\t\t\t<div class=\"elementor-element elementor-element-3650bd2 elementor-widget-divider--view-line elementor-widget elementor-widget-divider\" data-id=\"3650bd2\" data-element_type=\"widget\" data-e-type=\"widget\" data-widget_type=\"divider.default\">\n\t\t\t\t\t\t\t<div class=\"elementor-divider\">\n\t\t\t<span class=\"elementor-divider-separator\">\n\t\t\t\t\t\t<\/span>\n\t\t<\/div>\n\t\t\t\t\t\t<\/div>\n\t\t\t\t<div class=\"elementor-element elementor-element-6059cca title elementor-widget elementor-widget-heading\" data-id=\"6059cca\" data-element_type=\"widget\" data-e-type=\"widget\" data-widget_type=\"heading.default\">\n\t\t\t\t\t<h3 class=\"elementor-heading-title elementor-size-default\">4. Right of withdrawal<\/h3>\t\t\t\t<\/div>\n\t\t\t\t<div class=\"elementor-element elementor-element-b4a1d8e elementor-widget elementor-widget-text-editor\" data-id=\"b4a1d8e\" data-element_type=\"widget\" data-e-type=\"widget\" data-widget_type=\"text-editor.default\">\n\t\t\t\t\t\t\t\t\t<p>Unless otherwise stated, the prices of the products offered on the Website include Value Added Tax (VAT).<\/p><p>You have the right to withdraw from this contract within 14 calendar days without giving any reason. The withdrawal period will expire 14 calendar days from the date of conclusion of the contract. To exercise your right of withdrawal, you must notify us at:<\/p><p>FABRICA DE EMBUTIDOS LA PRUDENCIA S.A., CALLE CABALLEROS N\u00ba2, 40150 VILLACASTIN (SEGOVIA) SPAIN.<\/p><p>TELEPHONE 921 19 80 30<\/p><p>Email: info@laprudencia.com,<\/p><p>your decision to withdraw from the contract by means of an unequivocal statement.<\/p><p>This right does not apply to products that have been opened, or any other product delivered sealed where the seal has been broken, as well as those that expire quickly or are expressly excluded under Article 103 of the Consumer Law.<\/p><p>You may use the model withdrawal form provided below, although its use is not mandatory; you may use any other unequivocal statement. If you choose this option, we will inform you without delay on a durable medium (for example, by email) of the receipt of your withdrawal. To meet the withdrawal deadline, it is sufficient for you to send the communication regarding your exercise of the right of withdrawal before the withdrawal period expires.<\/p><p>Consequences of withdrawal:<\/p><p>If you withdraw from this contract, we will refund all payments received from you, including delivery costs (with the exception of any additional costs resulting from your choice of a delivery method other than the least expensive standard delivery method we offer), without undue delay and, in any event, no later than 14 days from the date on which we are informed of your decision to withdraw from this contract. We will make this refund using the same payment method you used for the initial transaction. We may withhold the refund until we have received the goods. You must return or hand over the goods to us without undue delay and, in any event, no later than 14 days from the date on which you notify us of your decision to withdraw from the contract. The deadline will be deemed to have been met if you return the goods before the 14-day period has expired. The goods must be returned with the seals and packaging intact in their original packaging. You must bear the direct cost of returning the goods. You will only be liable for any diminished value of the goods resulting from handling other than what is necessary to establish the nature, characteristics and functioning of the goods.<\/p><p>Model withdrawal form<\/p><p>[Please complete and submit this form only if you wish to withdraw from the contract]<\/p><p>For the attention of:<\/p><p>FABRICA DE EMBUTIDOS LA PRUDENCIA S.A.,<\/p><p>CALLE CABALLEROS No. 2, 40150 VILLACASTIN (SEGOVIA) SPAIN.<\/p><p>TELEPHONE 921 19 80 30<\/p><p>Email: info@laprudencia.com<\/p><p>I hereby give notice that I am withdrawing from my contract for the sale of the following item:<\/p><p>Order received on<\/p><p>Order Number<\/p><p>Consumer\u2019s name<\/p><p>Consumer\u2019s address<\/p><p>Consumer\u2019s signature<\/p><p>Date<\/p><p>A) or any other applicable taxes, and in all cases, prices shall be quoted in euros (\u20ac).<\/p><p>For any enquiries regarding an order placed, the User may send an email to info@laprudencia.com. In all cases, the User must quote the order number assigned to them, as stated in the purchase confirmation email.<\/p><p>\u00a0<\/p>\t\t\t\t\t\t\t\t<\/div>\n\t\t\t\t<div class=\"elementor-element elementor-element-8652d49 elementor-widget-divider--view-line elementor-widget elementor-widget-divider\" data-id=\"8652d49\" data-element_type=\"widget\" data-e-type=\"widget\" data-widget_type=\"divider.default\">\n\t\t\t\t\t\t\t<div class=\"elementor-divider\">\n\t\t\t<span class=\"elementor-divider-separator\">\n\t\t\t\t\t\t<\/span>\n\t\t<\/div>\n\t\t\t\t\t\t<\/div>\n\t\t\t\t<div class=\"elementor-element elementor-element-a9666a2 title elementor-widget elementor-widget-heading\" data-id=\"a9666a2\" data-element_type=\"widget\" data-e-type=\"widget\" data-widget_type=\"heading.default\">\n\t\t\t\t\t<h3 class=\"elementor-heading-title elementor-size-default\">5. Applicable law and competent jurisdiction<\/h3>\t\t\t\t<\/div>\n\t\t\t\t<div class=\"elementor-element elementor-element-d952477 elementor-widget elementor-widget-text-editor\" data-id=\"d952477\" data-element_type=\"widget\" data-e-type=\"widget\" data-widget_type=\"text-editor.default\">\n\t\t\t\t\t\t\t\t\t<p>Estas Condiciones Generales se rigen por la ley espa\u00f1ola.<\/p><p>Si usted est\u00e1 contratando como consumidor, para la resoluci\u00f3n de posibles disputas, las partes se comprometen a someterse, a su elecci\u00f3n, y renunciando a cualquier otro fuero que pudiera corresponderles, a los juzgados y tribunales de la ciudad correspondiente al domicilio del Socio o Usuario.\u00a0<\/p><p>Si usted est\u00e1 contratando como empresa las partes establecen someterse a los Juzgados y Tribunales de Salamanca renunciando expresamente a su fuero propio si lo tuvieran.<\/p>\t\t\t\t\t\t\t\t<\/div>\n\t\t\t\t\t<\/div>\n\t\t\t\t<\/div>\n\t\t\t\t<\/div>\n\t\t","protected":false},"excerpt":{"rendered":"<p>Purchasing and Return Policy These General Terms and Conditions govern the purchase of products through the website https:\/\/laprudencia.com, hereinafter referred to as \u201cthe Website\u201d or \u201cLA PRUDENCIA.\u201d By accepting these General Terms and Conditions, the User declares: That they have read, understand, and agree to the terms set forth herein. That they are a person &#8230; <a title=\"Purchase and Returns Policy\" class=\"read-more\" href=\"https:\/\/laprudencia.com\/en\/purchase-and-returns-policy\/\" aria-label=\"Read more about Purchase and Returns Policy\">Read more<\/a><\/p>\n","protected":false},"author":1,"featured_media":0,"parent":0,"menu_order":0,"comment_status":"closed","ping_status":"open","template":"elementor_header_footer","meta":{"_acf_changed":false,"footnotes":""},"class_list":["post-3028","page","type-page","status-publish"],"acf":[],"yoast_head":"<!-- This site is optimized with the Yoast SEO plugin v27.4 - https:\/\/yoast.com\/product\/yoast-seo-wordpress\/ -->\n<title>Purchase and Returns Policy - La Prudencia<\/title>\n<meta name=\"robots\" content=\"index, follow, max-snippet:-1, max-image-preview:large, max-video-preview:-1\" \/>\n<link rel=\"canonical\" href=\"https:\/\/laprudencia.com\/en\/purchase-and-returns-policy\/\" \/>\n<meta property=\"og:locale\" content=\"en_US\" \/>\n<meta property=\"og:type\" content=\"article\" \/>\n<meta property=\"og:title\" content=\"Purchase and Returns Policy - La Prudencia\" \/>\n<meta property=\"og:description\" content=\"Purchasing and Return Policy These General Terms and Conditions govern the purchase of products through the website https:\/\/laprudencia.com, hereinafter referred to as \u201cthe Website\u201d or \u201cLA PRUDENCIA.\u201d By accepting these General Terms and Conditions, the User declares: That they have read, understand, and agree to the terms set forth herein. That they are a person ... Read more\" \/>\n<meta property=\"og:url\" content=\"https:\/\/laprudencia.com\/en\/purchase-and-returns-policy\/\" \/>\n<meta property=\"og:site_name\" content=\"La Prudencia\" \/>\n<meta property=\"article:modified_time\" content=\"2026-04-11T12:25:12+00:00\" \/>\n<meta name=\"twitter:card\" content=\"summary_large_image\" \/>\n<meta name=\"twitter:label1\" content=\"Est. reading time\" \/>\n\t<meta name=\"twitter:data1\" content=\"7 minutes\" \/>\n<script type=\"application\/ld+json\" class=\"yoast-schema-graph\">{\"@context\":\"https:\\\/\\\/schema.org\",\"@graph\":[{\"@type\":\"WebPage\",\"@id\":\"https:\\\/\\\/laprudencia.com\\\/en\\\/purchase-and-returns-policy\\\/\",\"url\":\"https:\\\/\\\/laprudencia.com\\\/en\\\/purchase-and-returns-policy\\\/\",\"name\":\"Purchase and Returns Policy - La Prudencia\",\"isPartOf\":{\"@id\":\"https:\\\/\\\/laprudencia.com\\\/en\\\/#website\"},\"datePublished\":\"2022-01-31T16:29:17+00:00\",\"dateModified\":\"2026-04-11T12:25:12+00:00\",\"breadcrumb\":{\"@id\":\"https:\\\/\\\/laprudencia.com\\\/en\\\/purchase-and-returns-policy\\\/#breadcrumb\"},\"inLanguage\":\"en-US\",\"potentialAction\":[{\"@type\":\"ReadAction\",\"target\":[\"https:\\\/\\\/laprudencia.com\\\/en\\\/purchase-and-returns-policy\\\/\"]}]},{\"@type\":\"BreadcrumbList\",\"@id\":\"https:\\\/\\\/laprudencia.com\\\/en\\\/purchase-and-returns-policy\\\/#breadcrumb\",\"itemListElement\":[{\"@type\":\"ListItem\",\"position\":1,\"name\":\"Inicio\",\"item\":\"https:\\\/\\\/laprudencia.com\\\/en\\\/\"},{\"@type\":\"ListItem\",\"position\":2,\"name\":\"Purchase and Returns Policy\"}]},{\"@type\":\"WebSite\",\"@id\":\"https:\\\/\\\/laprudencia.com\\\/en\\\/#website\",\"url\":\"https:\\\/\\\/laprudencia.com\\\/en\\\/\",\"name\":\"La Prudencia\",\"description\":\"\",\"publisher\":{\"@id\":\"https:\\\/\\\/laprudencia.com\\\/en\\\/#organization\"},\"potentialAction\":[{\"@type\":\"SearchAction\",\"target\":{\"@type\":\"EntryPoint\",\"urlTemplate\":\"https:\\\/\\\/laprudencia.com\\\/en\\\/?s={search_term_string}\"},\"query-input\":{\"@type\":\"PropertyValueSpecification\",\"valueRequired\":true,\"valueName\":\"search_term_string\"}}],\"inLanguage\":\"en-US\"},{\"@type\":\"Organization\",\"@id\":\"https:\\\/\\\/laprudencia.com\\\/en\\\/#organization\",\"name\":\"La Prudencia\",\"url\":\"https:\\\/\\\/laprudencia.com\\\/en\\\/\",\"logo\":{\"@type\":\"ImageObject\",\"inLanguage\":\"en-US\",\"@id\":\"https:\\\/\\\/laprudencia.com\\\/en\\\/#\\\/schema\\\/logo\\\/image\\\/\",\"url\":\"https:\\\/\\\/laprudencia.com\\\/wp-content\\\/uploads\\\/2026\\\/04\\\/logo-laprudencia-b.svg\",\"contentUrl\":\"https:\\\/\\\/laprudencia.com\\\/wp-content\\\/uploads\\\/2026\\\/04\\\/logo-laprudencia-b.svg\",\"caption\":\"La Prudencia\"},\"image\":{\"@id\":\"https:\\\/\\\/laprudencia.com\\\/en\\\/#\\\/schema\\\/logo\\\/image\\\/\"}}]}<\/script>\n<!-- \/ Yoast SEO plugin. -->","yoast_head_json":{"title":"Purchase and Returns Policy - La Prudencia","robots":{"index":"index","follow":"follow","max-snippet":"max-snippet:-1","max-image-preview":"max-image-preview:large","max-video-preview":"max-video-preview:-1"},"canonical":"https:\/\/laprudencia.com\/en\/purchase-and-returns-policy\/","og_locale":"en_US","og_type":"article","og_title":"Purchase and Returns Policy - La Prudencia","og_description":"Purchasing and Return Policy These General Terms and Conditions govern the purchase of products through the website https:\/\/laprudencia.com, hereinafter referred to as \u201cthe Website\u201d or \u201cLA PRUDENCIA.\u201d By accepting these General Terms and Conditions, the User declares: That they have read, understand, and agree to the terms set forth herein. That they are a person ... Read more","og_url":"https:\/\/laprudencia.com\/en\/purchase-and-returns-policy\/","og_site_name":"La Prudencia","article_modified_time":"2026-04-11T12:25:12+00:00","twitter_card":"summary_large_image","twitter_misc":{"Est. reading time":"7 minutes"},"schema":{"@context":"https:\/\/schema.org","@graph":[{"@type":"WebPage","@id":"https:\/\/laprudencia.com\/en\/purchase-and-returns-policy\/","url":"https:\/\/laprudencia.com\/en\/purchase-and-returns-policy\/","name":"Purchase and Returns Policy - La Prudencia","isPartOf":{"@id":"https:\/\/laprudencia.com\/en\/#website"},"datePublished":"2022-01-31T16:29:17+00:00","dateModified":"2026-04-11T12:25:12+00:00","breadcrumb":{"@id":"https:\/\/laprudencia.com\/en\/purchase-and-returns-policy\/#breadcrumb"},"inLanguage":"en-US","potentialAction":[{"@type":"ReadAction","target":["https:\/\/laprudencia.com\/en\/purchase-and-returns-policy\/"]}]},{"@type":"BreadcrumbList","@id":"https:\/\/laprudencia.com\/en\/purchase-and-returns-policy\/#breadcrumb","itemListElement":[{"@type":"ListItem","position":1,"name":"Inicio","item":"https:\/\/laprudencia.com\/en\/"},{"@type":"ListItem","position":2,"name":"Purchase and Returns Policy"}]},{"@type":"WebSite","@id":"https:\/\/laprudencia.com\/en\/#website","url":"https:\/\/laprudencia.com\/en\/","name":"La Prudencia","description":"","publisher":{"@id":"https:\/\/laprudencia.com\/en\/#organization"},"potentialAction":[{"@type":"SearchAction","target":{"@type":"EntryPoint","urlTemplate":"https:\/\/laprudencia.com\/en\/?s={search_term_string}"},"query-input":{"@type":"PropertyValueSpecification","valueRequired":true,"valueName":"search_term_string"}}],"inLanguage":"en-US"},{"@type":"Organization","@id":"https:\/\/laprudencia.com\/en\/#organization","name":"La Prudencia","url":"https:\/\/laprudencia.com\/en\/","logo":{"@type":"ImageObject","inLanguage":"en-US","@id":"https:\/\/laprudencia.com\/en\/#\/schema\/logo\/image\/","url":"https:\/\/laprudencia.com\/wp-content\/uploads\/2026\/04\/logo-laprudencia-b.svg","contentUrl":"https:\/\/laprudencia.com\/wp-content\/uploads\/2026\/04\/logo-laprudencia-b.svg","caption":"La Prudencia"},"image":{"@id":"https:\/\/laprudencia.com\/en\/#\/schema\/logo\/image\/"}}]}},"_links":{"self":[{"href":"https:\/\/laprudencia.com\/en\/wp-json\/wp\/v2\/pages\/3028","targetHints":{"allow":["GET"]}}],"collection":[{"href":"https:\/\/laprudencia.com\/en\/wp-json\/wp\/v2\/pages"}],"about":[{"href":"https:\/\/laprudencia.com\/en\/wp-json\/wp\/v2\/types\/page"}],"author":[{"embeddable":true,"href":"https:\/\/laprudencia.com\/en\/wp-json\/wp\/v2\/users\/1"}],"replies":[{"embeddable":true,"href":"https:\/\/laprudencia.com\/en\/wp-json\/wp\/v2\/comments?post=3028"}],"version-history":[{"count":0,"href":"https:\/\/laprudencia.com\/en\/wp-json\/wp\/v2\/pages\/3028\/revisions"}],"wp:attachment":[{"href":"https:\/\/laprudencia.com\/en\/wp-json\/wp\/v2\/media?parent=3028"}],"curies":[{"name":"wp","href":"https:\/\/api.w.org\/{rel}","templated":true}]}}