{"id":2572,"date":"2022-01-12T10:42:33","date_gmt":"2022-01-12T09:42:33","guid":{"rendered":"https:\/\/laprudencia.com\/?page_id=2572"},"modified":"2026-04-11T14:31:40","modified_gmt":"2026-04-11T12:31:40","slug":"my-account","status":"publish","type":"page","link":"https:\/\/laprudencia.com\/en\/my-account\/","title":{"rendered":"My Account"},"content":{"rendered":"\t\t<div data-elementor-type=\"wp-page\" data-elementor-id=\"2572\" class=\"elementor elementor-2572 elementor-258\" data-elementor-post-type=\"page\">\n\t\t\t\t<div class=\"elementor-element elementor-element-cca9d92 e-flex e-con-boxed e-con e-parent\" data-id=\"cca9d92\" data-element_type=\"container\" data-e-type=\"container\">\n\t\t\t\t\t<div class=\"e-con-inner\">\n\t\t\t\t<div class=\"elementor-element elementor-element-6ac3f8d title elementor-widget elementor-widget-heading\" data-id=\"6ac3f8d\" data-element_type=\"widget\" data-e-type=\"widget\" data-widget_type=\"heading.default\">\n\t\t\t\t\t<h1 class=\"elementor-heading-title elementor-size-default\">my account<\/h1>\t\t\t\t<\/div>\n\t\t\t\t<div class=\"elementor-element elementor-element-80eca4a elementor-widget-divider--view-line elementor-widget elementor-widget-divider\" data-id=\"80eca4a\" data-element_type=\"widget\" data-e-type=\"widget\" data-widget_type=\"divider.default\">\n\t\t\t\t\t\t\t<div class=\"elementor-divider\">\n\t\t\t<span class=\"elementor-divider-separator\">\n\t\t\t\t\t\t<\/span>\n\t\t<\/div>\n\t\t\t\t\t\t<\/div>\n\t\t\t\t<div class=\"elementor-element elementor-element-89e8a19 mi-cuenta e-my-account-tabs-vertical elementor-widget elementor-widget-woocommerce-my-account\" data-id=\"89e8a19\" data-element_type=\"widget\" data-e-type=\"widget\" data-widget_type=\"woocommerce-my-account.default\">\n\t\t\t\t\t<div class=\"e-my-account-tab e-my-account-tab__ \">\t\t\t<div class=\"woocommerce\"><\/div>\t\t<\/div>\n\t\t\t\t\t\t<\/div>\n\t\t\t\t\t<\/div>\n\t\t\t\t<\/div>\n\t\t\t\t<\/div>\n\t\t","protected":false},"excerpt":{"rendered":"<p>my account Dashboard Orders Downloads Addresses M\u00e9todos de pago Account Details Logout Hola adminLaPrudencia (\u00bfno eres adminLaPrudencia? Cerrar sesi\u00f3n) Desde el escritorio de tu cuenta puedes ver tus pedidos recientes, gestionar tus direcciones de env\u00edo y facturaci\u00f3n y editar tu contrase\u00f1a y los detalles de tu cuenta.<\/p>\n","protected":false},"author":1,"featured_media":0,"parent":0,"menu_order":0,"comment_status":"closed","ping_status":"closed","template":"elementor_header_footer","meta":{"_acf_changed":false,"footnotes":""},"class_list":["post-2572","page","type-page","status-publish"],"acf":[],"yoast_head":"<!-- This site is optimized with the Yoast SEO plugin v27.4 - https:\/\/yoast.com\/product\/yoast-seo-wordpress\/ -->\n<title>My Account - La Prudencia<\/title>\n<meta name=\"robots\" content=\"index, follow, max-snippet:-1, max-image-preview:large, max-video-preview:-1\" \/>\n<link rel=\"canonical\" href=\"https:\/\/laprudencia.com\/en\/my-account\/\" \/>\n<meta property=\"og:locale\" content=\"en_US\" \/>\n<meta property=\"og:type\" content=\"article\" \/>\n<meta property=\"og:title\" content=\"My Account - La Prudencia\" \/>\n<meta property=\"og:description\" content=\"my account Dashboard Orders Downloads Addresses M\u00e9todos de pago Account Details Logout Hola adminLaPrudencia (\u00bfno eres adminLaPrudencia? Cerrar sesi\u00f3n) Desde el escritorio de tu cuenta puedes ver tus pedidos recientes, gestionar tus direcciones de env\u00edo y facturaci\u00f3n y editar tu contrase\u00f1a y los detalles de tu cuenta.\" \/>\n<meta property=\"og:url\" content=\"https:\/\/laprudencia.com\/en\/my-account\/\" \/>\n<meta property=\"og:site_name\" content=\"La Prudencia\" \/>\n<meta property=\"article:modified_time\" content=\"2026-04-11T12:31:40+00:00\" \/>\n<meta name=\"twitter:card\" content=\"summary_large_image\" \/>\n<meta name=\"twitter:label1\" content=\"Est. reading time\" \/>\n\t<meta name=\"twitter:data1\" content=\"1 minute\" \/>\n<script type=\"application\/ld+json\" class=\"yoast-schema-graph\">{\"@context\":\"https:\\\/\\\/schema.org\",\"@graph\":[{\"@type\":\"WebPage\",\"@id\":\"https:\\\/\\\/laprudencia.com\\\/en\\\/my-account\\\/\",\"url\":\"https:\\\/\\\/laprudencia.com\\\/en\\\/my-account\\\/\",\"name\":\"My Account - La Prudencia\",\"isPartOf\":{\"@id\":\"https:\\\/\\\/laprudencia.com\\\/en\\\/#website\"},\"datePublished\":\"2022-01-12T09:42:33+00:00\",\"dateModified\":\"2026-04-11T12:31:40+00:00\",\"breadcrumb\":{\"@id\":\"https:\\\/\\\/laprudencia.com\\\/en\\\/my-account\\\/#breadcrumb\"},\"inLanguage\":\"en-US\",\"potentialAction\":[{\"@type\":\"ReadAction\",\"target\":[\"https:\\\/\\\/laprudencia.com\\\/en\\\/my-account\\\/\"]}]},{\"@type\":\"BreadcrumbList\",\"@id\":\"https:\\\/\\\/laprudencia.com\\\/en\\\/my-account\\\/#breadcrumb\",\"itemListElement\":[{\"@type\":\"ListItem\",\"position\":1,\"name\":\"Inicio\",\"item\":\"https:\\\/\\\/laprudencia.com\\\/en\\\/\"},{\"@type\":\"ListItem\",\"position\":2,\"name\":\"My Account\"}]},{\"@type\":\"WebSite\",\"@id\":\"https:\\\/\\\/laprudencia.com\\\/en\\\/#website\",\"url\":\"https:\\\/\\\/laprudencia.com\\\/en\\\/\",\"name\":\"La Prudencia\",\"description\":\"\",\"publisher\":{\"@id\":\"https:\\\/\\\/laprudencia.com\\\/en\\\/#organization\"},\"potentialAction\":[{\"@type\":\"SearchAction\",\"target\":{\"@type\":\"EntryPoint\",\"urlTemplate\":\"https:\\\/\\\/laprudencia.com\\\/en\\\/?s={search_term_string}\"},\"query-input\":{\"@type\":\"PropertyValueSpecification\",\"valueRequired\":true,\"valueName\":\"search_term_string\"}}],\"inLanguage\":\"en-US\"},{\"@type\":\"Organization\",\"@id\":\"https:\\\/\\\/laprudencia.com\\\/en\\\/#organization\",\"name\":\"La Prudencia\",\"url\":\"https:\\\/\\\/laprudencia.com\\\/en\\\/\",\"logo\":{\"@type\":\"ImageObject\",\"inLanguage\":\"en-US\",\"@id\":\"https:\\\/\\\/laprudencia.com\\\/en\\\/#\\\/schema\\\/logo\\\/image\\\/\",\"url\":\"https:\\\/\\\/laprudencia.com\\\/wp-content\\\/uploads\\\/2026\\\/04\\\/logo-laprudencia-b.svg\",\"contentUrl\":\"https:\\\/\\\/laprudencia.com\\\/wp-content\\\/uploads\\\/2026\\\/04\\\/logo-laprudencia-b.svg\",\"caption\":\"La Prudencia\"},\"image\":{\"@id\":\"https:\\\/\\\/laprudencia.com\\\/en\\\/#\\\/schema\\\/logo\\\/image\\\/\"}}]}<\/script>\n<!-- \/ Yoast SEO plugin. -->","yoast_head_json":{"title":"My Account - La Prudencia","robots":{"index":"index","follow":"follow","max-snippet":"max-snippet:-1","max-image-preview":"max-image-preview:large","max-video-preview":"max-video-preview:-1"},"canonical":"https:\/\/laprudencia.com\/en\/my-account\/","og_locale":"en_US","og_type":"article","og_title":"My Account - La Prudencia","og_description":"my account Dashboard Orders Downloads Addresses M\u00e9todos de pago Account Details Logout Hola adminLaPrudencia (\u00bfno eres adminLaPrudencia? Cerrar sesi\u00f3n) Desde el escritorio de tu cuenta puedes ver tus pedidos recientes, gestionar tus direcciones de env\u00edo y facturaci\u00f3n y editar tu contrase\u00f1a y los detalles de tu cuenta.","og_url":"https:\/\/laprudencia.com\/en\/my-account\/","og_site_name":"La Prudencia","article_modified_time":"2026-04-11T12:31:40+00:00","twitter_card":"summary_large_image","twitter_misc":{"Est. reading time":"1 minute"},"schema":{"@context":"https:\/\/schema.org","@graph":[{"@type":"WebPage","@id":"https:\/\/laprudencia.com\/en\/my-account\/","url":"https:\/\/laprudencia.com\/en\/my-account\/","name":"My Account - La Prudencia","isPartOf":{"@id":"https:\/\/laprudencia.com\/en\/#website"},"datePublished":"2022-01-12T09:42:33+00:00","dateModified":"2026-04-11T12:31:40+00:00","breadcrumb":{"@id":"https:\/\/laprudencia.com\/en\/my-account\/#breadcrumb"},"inLanguage":"en-US","potentialAction":[{"@type":"ReadAction","target":["https:\/\/laprudencia.com\/en\/my-account\/"]}]},{"@type":"BreadcrumbList","@id":"https:\/\/laprudencia.com\/en\/my-account\/#breadcrumb","itemListElement":[{"@type":"ListItem","position":1,"name":"Inicio","item":"https:\/\/laprudencia.com\/en\/"},{"@type":"ListItem","position":2,"name":"My Account"}]},{"@type":"WebSite","@id":"https:\/\/laprudencia.com\/en\/#website","url":"https:\/\/laprudencia.com\/en\/","name":"La Prudencia","description":"","publisher":{"@id":"https:\/\/laprudencia.com\/en\/#organization"},"potentialAction":[{"@type":"SearchAction","target":{"@type":"EntryPoint","urlTemplate":"https:\/\/laprudencia.com\/en\/?s={search_term_string}"},"query-input":{"@type":"PropertyValueSpecification","valueRequired":true,"valueName":"search_term_string"}}],"inLanguage":"en-US"},{"@type":"Organization","@id":"https:\/\/laprudencia.com\/en\/#organization","name":"La Prudencia","url":"https:\/\/laprudencia.com\/en\/","logo":{"@type":"ImageObject","inLanguage":"en-US","@id":"https:\/\/laprudencia.com\/en\/#\/schema\/logo\/image\/","url":"https:\/\/laprudencia.com\/wp-content\/uploads\/2026\/04\/logo-laprudencia-b.svg","contentUrl":"https:\/\/laprudencia.com\/wp-content\/uploads\/2026\/04\/logo-laprudencia-b.svg","caption":"La Prudencia"},"image":{"@id":"https:\/\/laprudencia.com\/en\/#\/schema\/logo\/image\/"}}]}},"_links":{"self":[{"href":"https:\/\/laprudencia.com\/en\/wp-json\/wp\/v2\/pages\/2572","targetHints":{"allow":["GET"]}}],"collection":[{"href":"https:\/\/laprudencia.com\/en\/wp-json\/wp\/v2\/pages"}],"about":[{"href":"https:\/\/laprudencia.com\/en\/wp-json\/wp\/v2\/types\/page"}],"author":[{"embeddable":true,"href":"https:\/\/laprudencia.com\/en\/wp-json\/wp\/v2\/users\/1"}],"replies":[{"embeddable":true,"href":"https:\/\/laprudencia.com\/en\/wp-json\/wp\/v2\/comments?post=2572"}],"version-history":[{"count":0,"href":"https:\/\/laprudencia.com\/en\/wp-json\/wp\/v2\/pages\/2572\/revisions"}],"wp:attachment":[{"href":"https:\/\/laprudencia.com\/en\/wp-json\/wp\/v2\/media?parent=2572"}],"curies":[{"name":"wp","href":"https:\/\/api.w.org\/{rel}","templated":true}]}}